{"id":3250,"date":"2023-08-12T09:18:41","date_gmt":"2023-08-12T07:18:41","guid":{"rendered":"https:\/\/mali-raj-ostarije.com.hr\/okolica-i-zanimljivosti\/"},"modified":"2024-05-24T11:40:27","modified_gmt":"2024-05-24T09:40:27","slug":"okolica-i-zanimljivosti","status":"publish","type":"page","link":"https:\/\/mali-raj-ostarije.com.hr\/en\/okolica-i-zanimljivosti\/","title":{"rendered":"Surrounding attractions"},"content":{"rendered":"\t\t<div data-elementor-type=\"wp-page\" data-elementor-id=\"3250\" class=\"elementor elementor-3250 elementor-831\">\n\t\t\t\t\t\t<section class=\"elementor-section elementor-top-section elementor-element elementor-element-5c827435 elementor-section-content-bottom elementor-section-boxed elementor-section-height-default elementor-section-height-default\" data-id=\"5c827435\" data-element_type=\"section\">\n\t\t\t\t\t\t<div class=\"elementor-container elementor-column-gap-default\">\n\t\t\t\t\t<div class=\"elementor-column elementor-col-50 elementor-top-column elementor-element elementor-element-2131b7d3 elementor-invisible\" data-id=\"2131b7d3\" data-element_type=\"column\" data-settings=\"{&quot;background_background&quot;:&quot;classic&quot;,&quot;animation&quot;:&quot;fadeIn&quot;}\">\n\t\t\t<div class=\"elementor-widget-wrap elementor-element-populated\">\n\t\t\t\t\t\t<div class=\"elementor-element elementor-element-6b101fed elementor-widget elementor-widget-slashdown_heading\" data-id=\"6b101fed\" data-element_type=\"widget\" data-widget_type=\"slashdown_heading.default\">\n\t\t\t\t<div class=\"elementor-widget-container\">\n\t\t\t\t\t<div class=\"slashdown-heading left\">\n\t\t\t<span class=\"slashdown-heading__subtitle\">O\u0161tarije - Josipdol - Gorski kotar<\/span><h2 class=\"slashdown-heading__title\">Surroundings attractions<\/h2>\t\t<\/div>\n\t\t\t\t<\/div>\n\t\t\t\t<\/div>\n\t\t\t\t\t<\/div>\n\t\t<\/div>\n\t\t\t\t<div class=\"elementor-column elementor-col-50 elementor-top-column elementor-element elementor-element-fc2698a elementor-invisible\" data-id=\"fc2698a\" data-element_type=\"column\" data-settings=\"{&quot;animation&quot;:&quot;fadeIn&quot;,&quot;animation_delay&quot;:400}\">\n\t\t\t<div class=\"elementor-widget-wrap elementor-element-populated\">\n\t\t\t\t\t\t<div class=\"elementor-element elementor-element-72333ecf elementor-widget elementor-widget-text-editor\" data-id=\"72333ecf\" data-element_type=\"widget\" data-widget_type=\"text-editor.default\">\n\t\t\t\t<div class=\"elementor-widget-container\">\n\t\t\t<style>\/*! elementor - v3.21.0 - 26-05-2024 *\/\n.elementor-widget-text-editor.elementor-drop-cap-view-stacked .elementor-drop-cap{background-color:#69727d;color:#fff}.elementor-widget-text-editor.elementor-drop-cap-view-framed .elementor-drop-cap{color:#69727d;border:3px solid;background-color:transparent}.elementor-widget-text-editor:not(.elementor-drop-cap-view-default) .elementor-drop-cap{margin-top:8px}.elementor-widget-text-editor:not(.elementor-drop-cap-view-default) .elementor-drop-cap-letter{width:1em;height:1em}.elementor-widget-text-editor .elementor-drop-cap{float:left;text-align:center;line-height:1;font-size:50px}.elementor-widget-text-editor .elementor-drop-cap-letter{display:inline-block}<\/style>\t\t\t\t<p><span class=\"HwtZe\" lang=\"en\"><span class=\"jCAhz JxVs2d ChMk0b\"><span class=\"ryNqvb\">Enjoy the irresistible beauty of a destination that will delight you with its wealth of experiences and content.<\/span><\/span> <span class=\"jCAhz JxVs2d ChMk0b\"><span class=\"ryNqvb\">Whether you are looking for an almost meditative peace, an active holiday, an unforgettable adventure or a unique experience, you are in the right place.<\/span><\/span> <span class=\"jCAhz JxVs2d JpY6Fd\"><span class=\"ryNqvb\">Explore fascinating landscapes, breathe fresh air, visit enchanting castles, stay in magical houses and taste unique, authentic cuisine inspired by nature itself\u2026.<\/span><\/span><\/span><\/p>\t\t\t\t\t\t<\/div>\n\t\t\t\t<\/div>\n\t\t\t\t\t<\/div>\n\t\t<\/div>\n\t\t\t\t\t<\/div>\n\t\t<\/section>\n\t\t\t\t<section class=\"elementor-section elementor-top-section elementor-element elementor-element-68c8975 elementor-section-boxed elementor-section-height-default elementor-section-height-default\" data-id=\"68c8975\" data-element_type=\"section\">\n\t\t\t\t\t\t<div class=\"elementor-container elementor-column-gap-default\">\n\t\t\t\t\t<div class=\"elementor-column elementor-col-100 elementor-top-column elementor-element elementor-element-c57dd01\" data-id=\"c57dd01\" data-element_type=\"column\">\n\t\t\t<div class=\"elementor-widget-wrap elementor-element-populated\">\n\t\t\t\t\t\t<div class=\"elementor-element elementor-element-13df2be elementor-widget elementor-widget-slashdown_heading\" data-id=\"13df2be\" data-element_type=\"widget\" data-widget_type=\"slashdown_heading.default\">\n\t\t\t\t<div class=\"elementor-widget-container\">\n\t\t\t\t\t<div class=\"slashdown-heading text-center\">\n\t\t\t<span class=\"slashdown-heading__subtitle\">Natural beauty - cultural sights<\/span><h2 class=\"slashdown-heading__title\">Visit and experience<\/h2>\t\t<\/div>\n\t\t\t\t<\/div>\n\t\t\t\t<\/div>\n\t\t\t\t\t<\/div>\n\t\t<\/div>\n\t\t\t\t\t<\/div>\n\t\t<\/section>\n\t\t\t\t<section class=\"elementor-section elementor-top-section elementor-element elementor-element-051eefc elementor-section-boxed elementor-section-height-default elementor-section-height-default elementor-invisible\" data-id=\"051eefc\" data-element_type=\"section\" data-settings=\"{&quot;animation&quot;:&quot;fadeIn&quot;}\">\n\t\t\t\t\t\t<div class=\"elementor-container elementor-column-gap-default\">\n\t\t\t\t\t<div class=\"elementor-column elementor-col-50 elementor-top-column elementor-element elementor-element-5fdd482\" data-id=\"5fdd482\" data-element_type=\"column\">\n\t\t\t<div class=\"elementor-widget-wrap elementor-element-populated\">\n\t\t\t\t\t\t<div class=\"elementor-element elementor-element-15353b2 elementor-widget elementor-widget-image\" data-id=\"15353b2\" data-element_type=\"widget\" data-widget_type=\"image.default\">\n\t\t\t\t<div class=\"elementor-widget-container\">\n\t\t\t<style>\/*! elementor - v3.21.0 - 26-05-2024 *\/\n.elementor-widget-image{text-align:center}.elementor-widget-image a{display:inline-block}.elementor-widget-image a img[src$=\".svg\"]{width:48px}.elementor-widget-image img{vertical-align:middle;display:inline-block}<\/style>\t\t\t\t\t\t\t\t\t\t<img fetchpriority=\"high\" decoding=\"async\" width=\"530\" height=\"530\" src=\"https:\/\/mali-raj-ostarije.com.hr\/wp-content\/uploads\/2024\/05\/Marmontov-most.jpg\" class=\"attachment-large size-large wp-image-2960\" alt=\"\" srcset=\"https:\/\/mali-raj-ostarije.com.hr\/wp-content\/uploads\/2024\/05\/Marmontov-most.jpg 530w, https:\/\/mali-raj-ostarije.com.hr\/wp-content\/uploads\/2024\/05\/Marmontov-most-352x352.jpg 352w, https:\/\/mali-raj-ostarije.com.hr\/wp-content\/uploads\/2024\/05\/Marmontov-most-160x160.jpg 160w\" sizes=\"(max-width: 530px) 100vw, 530px\" \/>\t\t\t\t\t\t\t\t\t\t\t\t\t<\/div>\n\t\t\t\t<\/div>\n\t\t\t\t<div class=\"elementor-element elementor-element-40aa20a elementor-widget elementor-widget-heading\" data-id=\"40aa20a\" data-element_type=\"widget\" data-widget_type=\"heading.default\">\n\t\t\t\t<div class=\"elementor-widget-container\">\n\t\t\t<style>\/*! elementor - v3.21.0 - 26-05-2024 *\/\n.elementor-heading-title{padding:0;margin:0;line-height:1}.elementor-widget-heading .elementor-heading-title[class*=elementor-size-]>a{color:inherit;font-size:inherit;line-height:inherit}.elementor-widget-heading .elementor-heading-title.elementor-size-small{font-size:15px}.elementor-widget-heading .elementor-heading-title.elementor-size-medium{font-size:19px}.elementor-widget-heading .elementor-heading-title.elementor-size-large{font-size:29px}.elementor-widget-heading .elementor-heading-title.elementor-size-xl{font-size:39px}.elementor-widget-heading .elementor-heading-title.elementor-size-xxl{font-size:59px}<\/style><h6 class=\"elementor-heading-title elementor-size-default\">Marmont bridge<\/h6>\t\t<\/div>\n\t\t\t\t<\/div>\n\t\t\t\t<div class=\"elementor-element elementor-element-4f87ad1 elementor-widget elementor-widget-text-editor\" data-id=\"4f87ad1\" data-element_type=\"widget\" data-widget_type=\"text-editor.default\">\n\t\t\t\t<div class=\"elementor-widget-container\">\n\t\t\t\t\t\t\t<p>The stone bridge bridged Zagorska Mre\u017enica in O\u0161tarije during the French rule at the beginning of the 19th century. In the immediate vicinity of the bridge there is a famous Gothic church from the 15th century &#8211; the shrine of Our Lady of Miracles. Today, the bridge stretches over the dry bed of the river, which disappeared in this part with the construction of the artificial lake Sabljaci.<\/p>\t\t\t\t\t\t<\/div>\n\t\t\t\t<\/div>\n\t\t\t\t\t<\/div>\n\t\t<\/div>\n\t\t\t\t<div class=\"elementor-column elementor-col-50 elementor-top-column elementor-element elementor-element-d98fcec\" data-id=\"d98fcec\" data-element_type=\"column\">\n\t\t\t<div class=\"elementor-widget-wrap elementor-element-populated\">\n\t\t\t\t\t\t<div class=\"elementor-element elementor-element-71b05eb elementor-widget elementor-widget-image\" data-id=\"71b05eb\" data-element_type=\"widget\" data-widget_type=\"image.default\">\n\t\t\t\t<div class=\"elementor-widget-container\">\n\t\t\t\t\t\t\t\t\t\t\t\t\t<img decoding=\"async\" width=\"530\" height=\"530\" src=\"https:\/\/mali-raj-ostarije.com.hr\/wp-content\/uploads\/2024\/05\/sabljaci-tzg-ogulin.jpg\" class=\"attachment-large size-large wp-image-2959\" alt=\"\" srcset=\"https:\/\/mali-raj-ostarije.com.hr\/wp-content\/uploads\/2024\/05\/sabljaci-tzg-ogulin.jpg 530w, https:\/\/mali-raj-ostarije.com.hr\/wp-content\/uploads\/2024\/05\/sabljaci-tzg-ogulin-352x352.jpg 352w, https:\/\/mali-raj-ostarije.com.hr\/wp-content\/uploads\/2024\/05\/sabljaci-tzg-ogulin-160x160.jpg 160w\" sizes=\"(max-width: 530px) 100vw, 530px\" \/>\t\t\t\t\t\t\t\t\t\t\t\t\t<\/div>\n\t\t\t\t<\/div>\n\t\t\t\t<div class=\"elementor-element elementor-element-d2eae8f elementor-widget elementor-widget-heading\" data-id=\"d2eae8f\" data-element_type=\"widget\" data-widget_type=\"heading.default\">\n\t\t\t\t<div class=\"elementor-widget-container\">\n\t\t\t<h6 class=\"elementor-heading-title elementor-size-default\">Sabljaci lake<\/h6>\t\t<\/div>\n\t\t\t\t<\/div>\n\t\t\t\t<div class=\"elementor-element elementor-element-f219bea elementor-widget elementor-widget-text-editor\" data-id=\"f219bea\" data-element_type=\"widget\" data-widget_type=\"text-editor.default\">\n\t\t\t\t<div class=\"elementor-widget-container\">\n\t\t\t\t\t\t\t<p><span title=\"\">The beautiful artificial lake Sabljaci is a real pearl of the whole region, and because of its size it is called the &#8220;Ogulin Sea&#8221;.<\/span>\u00a0<span title=\"\">During the summer, the lake hosts the &#8220;Lake Games&#8221;, various water sports such as rowing, sailing, swimming and diving, sport fishing throughout the year, and provides unlimited opportunities for recreation throughout the year, as well as pleasant walks and cycling.<\/span><\/p>\t\t\t\t\t\t<\/div>\n\t\t\t\t<\/div>\n\t\t\t\t\t<\/div>\n\t\t<\/div>\n\t\t\t\t\t<\/div>\n\t\t<\/section>\n\t\t\t\t<section class=\"elementor-section elementor-top-section elementor-element elementor-element-a671776 elementor-section-boxed elementor-section-height-default elementor-section-height-default elementor-invisible\" data-id=\"a671776\" data-element_type=\"section\" data-settings=\"{&quot;animation&quot;:&quot;fadeIn&quot;}\">\n\t\t\t\t\t\t<div class=\"elementor-container elementor-column-gap-default\">\n\t\t\t\t\t<div class=\"elementor-column elementor-col-50 elementor-top-column elementor-element elementor-element-6a56505\" data-id=\"6a56505\" data-element_type=\"column\">\n\t\t\t<div class=\"elementor-widget-wrap elementor-element-populated\">\n\t\t\t\t\t\t<div class=\"elementor-element elementor-element-a768dd3 elementor-widget elementor-widget-image\" data-id=\"a768dd3\" data-element_type=\"widget\" data-widget_type=\"image.default\">\n\t\t\t\t<div class=\"elementor-widget-container\">\n\t\t\t\t\t\t\t\t\t\t\t\t\t<img decoding=\"async\" width=\"530\" height=\"530\" src=\"https:\/\/mali-raj-ostarije.com.hr\/wp-content\/uploads\/2024\/05\/Frankopanski-kastel_tzg-ogulin.jpg\" class=\"attachment-large size-large wp-image-2958\" alt=\"\" srcset=\"https:\/\/mali-raj-ostarije.com.hr\/wp-content\/uploads\/2024\/05\/Frankopanski-kastel_tzg-ogulin.jpg 530w, https:\/\/mali-raj-ostarije.com.hr\/wp-content\/uploads\/2024\/05\/Frankopanski-kastel_tzg-ogulin-352x352.jpg 352w, https:\/\/mali-raj-ostarije.com.hr\/wp-content\/uploads\/2024\/05\/Frankopanski-kastel_tzg-ogulin-160x160.jpg 160w\" sizes=\"(max-width: 530px) 100vw, 530px\" \/>\t\t\t\t\t\t\t\t\t\t\t\t\t<\/div>\n\t\t\t\t<\/div>\n\t\t\t\t<div class=\"elementor-element elementor-element-0e77711 elementor-widget elementor-widget-heading\" data-id=\"0e77711\" data-element_type=\"widget\" data-widget_type=\"heading.default\">\n\t\t\t\t<div class=\"elementor-widget-container\">\n\t\t\t<h6 class=\"elementor-heading-title elementor-size-default\">Frankopan castle Ogulin<\/h6>\t\t<\/div>\n\t\t\t\t<\/div>\n\t\t\t\t<div class=\"elementor-element elementor-element-d076b03 elementor-widget elementor-widget-text-editor\" data-id=\"d076b03\" data-element_type=\"widget\" data-widget_type=\"text-editor.default\">\n\t\t\t\t<div class=\"elementor-widget-container\">\n\t\t\t\t\t\t\t<p>Renaissance castle from the 16th century. above the abyss of the river Dobra &#8211; \u0110ula&#8217;s abyss. The founder of the city was Bernardin Frankopan, one of the most powerful nobles of his time and feudal lords of the whole region. Today, there is the Homeland Museum with several collections such as archeological, ethnographic, old weapons, the memorial room of Ivana Brli\u0107-Ma\u017eurani\u0107, the permanent exhibition of the academic painter Stjepan Galeti\u0107.<\/p>\t\t\t\t\t\t<\/div>\n\t\t\t\t<\/div>\n\t\t\t\t\t<\/div>\n\t\t<\/div>\n\t\t\t\t<div class=\"elementor-column elementor-col-50 elementor-top-column elementor-element elementor-element-542225e\" data-id=\"542225e\" data-element_type=\"column\">\n\t\t\t<div class=\"elementor-widget-wrap elementor-element-populated\">\n\t\t\t\t\t\t<div class=\"elementor-element elementor-element-640beb2 elementor-widget elementor-widget-image\" data-id=\"640beb2\" data-element_type=\"widget\" data-widget_type=\"image.default\">\n\t\t\t\t<div class=\"elementor-widget-container\">\n\t\t\t\t\t\t\t\t\t\t\t\t\t<img loading=\"lazy\" decoding=\"async\" width=\"530\" height=\"530\" src=\"https:\/\/mali-raj-ostarije.com.hr\/wp-content\/uploads\/2024\/05\/Modrus.jpg\" class=\"attachment-large size-large wp-image-2961\" alt=\"\" srcset=\"https:\/\/mali-raj-ostarije.com.hr\/wp-content\/uploads\/2024\/05\/Modrus.jpg 530w, https:\/\/mali-raj-ostarije.com.hr\/wp-content\/uploads\/2024\/05\/Modrus-352x352.jpg 352w, https:\/\/mali-raj-ostarije.com.hr\/wp-content\/uploads\/2024\/05\/Modrus-160x160.jpg 160w\" sizes=\"(max-width: 530px) 100vw, 530px\" \/>\t\t\t\t\t\t\t\t\t\t\t\t\t<\/div>\n\t\t\t\t<\/div>\n\t\t\t\t<div class=\"elementor-element elementor-element-2263643 elementor-widget elementor-widget-heading\" data-id=\"2263643\" data-element_type=\"widget\" data-widget_type=\"heading.default\">\n\t\t\t\t<div class=\"elementor-widget-container\">\n\t\t\t<h6 class=\"elementor-heading-title elementor-size-default\">Modru\u0161 <\/h6>\t\t<\/div>\n\t\t\t\t<\/div>\n\t\t\t\t<div class=\"elementor-element elementor-element-e6ba013 elementor-widget elementor-widget-text-editor\" data-id=\"e6ba013\" data-element_type=\"widget\" data-widget_type=\"text-editor.default\">\n\t\t\t\t<div class=\"elementor-widget-container\">\n\t\t\t\t\t\t\t<div class=\"lRu31\" dir=\"ltr\"><span class=\"HwtZe\" lang=\"en\"><span class=\"jCAhz JxVs2d ChMk0b\"><span class=\"ryNqvb\">a medieval fortress on a steep hill above the fortified town of Modru\u0161 on the eastern slopes of Velika Kapela, once (from the 11th century) the administrative seat of the extensive Modru\u0161ka County, and today a ruin in the southern part of Karlovac County.<\/span><\/span> <span class=\"jCAhz JxVs2d ChMk0b\"><span class=\"ryNqvb\">It reached its height and peak in the 14th and 15th centuries, when members of the powerful Croatian princely family Frankopan dined there, and when it was the episcopal seat.<\/span><\/span><\/span><div class=\"OvtS8d\">\u00a0<\/div><div id=\"ow4890\">\u00a0<\/div><\/div><div class=\"UdTY9 WdefRb\" aria-hidden=\"true\" data-location=\"2\"><div class=\"kO6q6e\">\u00a0<\/div><\/div>\t\t\t\t\t\t<\/div>\n\t\t\t\t<\/div>\n\t\t\t\t\t<\/div>\n\t\t<\/div>\n\t\t\t\t\t<\/div>\n\t\t<\/section>\n\t\t<div class=\"elementor-element elementor-element-0b9f18b e-flex e-con-boxed e-con e-parent\" data-id=\"0b9f18b\" data-element_type=\"container\">\n\t\t\t\t\t<div class=\"e-con-inner\">\n\t\t\t\t<div class=\"elementor-element elementor-element-0a8502d elementor-widget elementor-widget-text-editor\" data-id=\"0a8502d\" data-element_type=\"widget\" data-widget_type=\"text-editor.default\">\n\t\t\t\t<div class=\"elementor-widget-container\">\n\t\t\t\t\t\t\t<blockquote><p style=\"text-align: center;\"><a href=\"https:\/\/shorturl.at\/zGK8e\">Holiday home<\/a><br \/>&#8220;Mali Raj&#8221;<\/p><\/blockquote>\t\t\t\t\t\t<\/div>\n\t\t\t\t<\/div>\n\t\t\t\t\t<\/div>\n\t\t\t\t<\/div>\n\t\t<div class=\"elementor-element elementor-element-0002c1b e-flex e-con-boxed e-con e-parent\" data-id=\"0002c1b\" data-element_type=\"container\">\n\t\t\t\t\t<div class=\"e-con-inner\">\n\t\t\t\t<div class=\"elementor-element elementor-element-48d1c54 elementor-widget elementor-widget-text-editor\" data-id=\"48d1c54\" data-element_type=\"widget\" data-widget_type=\"text-editor.default\">\n\t\t\t\t<div class=\"elementor-widget-container\">\n\t\t\t\t\t\t\t<p><span class=\"HwtZe\" lang=\"en\"><span class=\"jCAhz JxVs2d ChMk0b\"><span class=\"ryNqvb\">For more information, visit the website of the tourist board of the town of Ogulin<\/span><\/span><\/span> <a href=\"https:\/\/visitogulin.hr\">www.visitogulin.hr<\/a>, <span class=\"HwtZe\" lang=\"en\"><span class=\"jCAhz JxVs2d JpY6Fd\"><span class=\"ryNqvb\">or the tourist community of the emerald rivers area<\/span><\/span><\/span> <a href=\"https:\/\/tzp-smaragdnih-rijeka-dolina.hr\">www.tzp-smaragdnih-rijeka-dolina.hr<\/a> <span class=\"HwtZe\" lang=\"en\"><span class=\"jCAhz JxVs2d JpY6Fd\"><span class=\"ryNqvb\">and on the website<\/span><\/span><\/span> <a href=\"https:\/\/gorskikotar.hr\/\">www.gorskikotar.hr\/<\/a> <span class=\"HwtZe\" lang=\"en\"><span class=\"jCAhz JxVs2d ChMk0b\"><span class=\"ryNqvb\">read all the news as well as the calendar of events, the list of gastronomic establishments and all the information about the area of \u200b\u200bGorski Kotar.<\/span><\/span><\/span><\/p>\t\t\t\t\t\t<\/div>\n\t\t\t\t<\/div>\n\t\t\t\t\t<\/div>\n\t\t\t\t<\/div>\n\t\t\t\t<\/div>\n\t\t","protected":false},"excerpt":{"rendered":"<p>O\u0161tarije &#8211; Josipdol &#8211; Gorski kotar Surroundings attractions Enjoy the irresistible beauty of a destination that will delight you with its wealth of experiences and content. Whether you are looking for an almost meditative peace, an active holiday, an unforgettable adventure or a unique experience, you are in the right place. Explore fascinating landscapes, breathe&#8230; <a href=\"https:\/\/mali-raj-ostarije.com.hr\/en\/okolica-i-zanimljivosti\/\" class=\"more-link\">Continue reading<\/a><\/p>\n","protected":false},"author":1,"featured_media":3229,"parent":0,"menu_order":0,"comment_status":"closed","ping_status":"closed","template":"","meta":{"footnotes":""},"class_list":["post-3250","page","type-page","status-publish","has-post-thumbnail","hentry"],"aioseo_notices":[],"_links":{"self":[{"href":"https:\/\/mali-raj-ostarije.com.hr\/en\/wp-json\/wp\/v2\/pages\/3250","targetHints":{"allow":["GET"]}}],"collection":[{"href":"https:\/\/mali-raj-ostarije.com.hr\/en\/wp-json\/wp\/v2\/pages"}],"about":[{"href":"https:\/\/mali-raj-ostarije.com.hr\/en\/wp-json\/wp\/v2\/types\/page"}],"author":[{"embeddable":true,"href":"https:\/\/mali-raj-ostarije.com.hr\/en\/wp-json\/wp\/v2\/users\/1"}],"replies":[{"embeddable":true,"href":"https:\/\/mali-raj-ostarije.com.hr\/en\/wp-json\/wp\/v2\/comments?post=3250"}],"version-history":[{"count":7,"href":"https:\/\/mali-raj-ostarije.com.hr\/en\/wp-json\/wp\/v2\/pages\/3250\/revisions"}],"predecessor-version":[{"id":3327,"href":"https:\/\/mali-raj-ostarije.com.hr\/en\/wp-json\/wp\/v2\/pages\/3250\/revisions\/3327"}],"wp:featuredmedia":[{"embeddable":true,"href":"https:\/\/mali-raj-ostarije.com.hr\/en\/wp-json\/wp\/v2\/media\/3229"}],"wp:attachment":[{"href":"https:\/\/mali-raj-ostarije.com.hr\/en\/wp-json\/wp\/v2\/media?parent=3250"}],"curies":[{"name":"wp","href":"https:\/\/api.w.org\/{rel}","templated":true}]}}